{"id":3470,"date":"2024-04-15T11:58:06","date_gmt":"2024-04-15T17:58:06","guid":{"rendered":"https:\/\/www.carsonkidsdental.com\/?page_id=3470"},"modified":"2024-05-10T15:07:29","modified_gmt":"2024-05-10T21:07:29","slug":"fluoruro-de-diamina-de-plata","status":"publish","type":"page","link":"https:\/\/www.carsonkidsdental.com\/es\/services\/preventive-dental-care\/silver-diamine-fluoride\/","title":{"rendered":"Fluoruro de diamina de plata (SDF)"},"content":{"rendered":"<h2>Fluoruro de diamina de plata (SDF) en Carson City, NV<\/h2>\n<p>El esmalte dental de tu hijo es la principal defensa contra <a href=\"\/es\/servicios\/dentista-general-para-ninos\/cavity-prevention-treatment\/\">la caries dental<\/a>. Si la caries dental logra avanzar, el fluoruro de diamina de plata, o SDF por sus siglas en ingl\u00e9s, puede usarse para detener esta caries dental. El SDF es un l\u00edquido que puede aplicarse directamente a los dientes de tu hijo para detener el avance de la caries dental. El SDF contiene plata, que act\u00faa como un agente antimicrobiano, y fl\u00faor, que fortalece el esmalte del diente.<\/p>\n<p>El fluoruro de diamina de plata puede aplicarse a los dientes de tu hijo tan pronto como se detecte la caries. El SDF es m\u00e1s efectivo en los dientes primarios, pero puede no funcionar tan bien en los dientes posteriores, especialmente si hay grandes \u00e1reas de caries dental. Nuestro dentista infantil recomendar\u00e1 el mejor curso de tratamiento para la caries dental de tu hijo.<\/p>\n<h2>Beneficios del fluoruro de diamina de plata<\/h2>\n<p>El fluoruro de diamina de plata ofrece varios beneficios para los ni\u00f1os. Nuestro dentista infantil puede recomendar SDF para ni\u00f1os que est\u00e1n nerviosos con las agujas y los taladros dentales. El SDF tambi\u00e9n puede ser beneficioso para ni\u00f1os con discapacidades, ansiedad dental o ni\u00f1os peque\u00f1os para reducir el tiempo necesario en la silla dental. Si tu hijo tiene una gran cantidad de caries en sus dientes primarios, nuestro dentista tambi\u00e9n puede recomendar el fluoruro de diamina de plata para tu hijo.<\/p>\n<blockquote>\n<h5><em> <img decoding=\"async\" class=\"alignnone wp-image-3764\" src=\"https:\/\/www.carsonkidsdental.com\/wp-content\/uploads\/2024\/08\/lightbulb.png\" alt=\"\" width=\"35\" height=\"35\" \/>\u00bfSAB\u00cdAS QUE...? <\/em><\/h5>\n<p> Solo el 1% de los humanos pasa por la vida sin una sola caries. El resto de nosotros experimentaremos caries dental en alg\u00fan momento. <\/em><\/p><\/blockquote>\n<h2>Aprende m\u00e1s sobre el fluoruro de diamina de plata<\/h2>\n<p>El equipo dental en el Carson Kids Dental est\u00e1 aqu\u00ed para responder cualquier pregunta que puedas tener sobre el fluoruro de diamina de plata (SDF). Este tratamiento es indoloro y requiere un tiempo m\u00ednimo en la silla, lo que lo convierte en una gran opci\u00f3n para tratar la caries dental de tu hijo en los dientes primarios. Contacta nuestro consultorio hoy para programar una cita para tu hijo. <a href=\"\/es\/contacto\/\">Contacta con nuestra consulta hoy<\/a> to schedule an appointment for your child.<\/p>","protected":false},"excerpt":{"rendered":"<p>Mantener el esmalte dental de tu hijo saludable es importante para su salud oral general. Cuando tu hijo experimenta caries dental, el fluoruro de diamina de plata (o SDF) puede ser una buena soluci\u00f3n para detener la caries dental y tratar la sensibilidad dental.<\/p>","protected":false},"author":2,"featured_media":3544,"parent":3407,"menu_order":0,"comment_status":"closed","ping_status":"closed","template":"","meta":{"_et_pb_use_builder":"","_et_pb_old_content":"","_et_gb_content_width":"","_monsterinsights_skip_tracking":false,"_monsterinsights_sitenote_active":false,"_monsterinsights_sitenote_note":"","_monsterinsights_sitenote_category":0,"footnotes":""},"class_list":["post-3470","page","type-page","status-publish","has-post-thumbnail","hentry"],"aioseo_notices":[],"aioseo_head":"\n\t\t<!-- All in One SEO Pro 4.9.6.2 - aioseo.com -->\n\t<meta name=\"description\" content=\"SDF, silver diamine fluoride, is used to stop tooth decay and treat tooth sensitivity. Learn how this treatment can help your child at our Carson City office today.\" \/>\n\t<meta name=\"robots\" content=\"max-image-preview:large\" \/>\n\t<link rel=\"canonical\" href=\"https:\/\/www.carsonkidsdental.com\/es\/services\/preventive-dental-care\/silver-diamine-fluoride\/\" \/>\n\t<meta name=\"generator\" content=\"All in One SEO Pro (AIOSEO) 4.9.6.2\" \/>\n\t\t<meta property=\"og:locale\" content=\"es_MX\" \/>\n\t\t<meta property=\"og:site_name\" content=\"Carson Kids Dental | Our dental office is devoted to serving our community and ensuring everyone has affordable access to dental care. We have several payment options available in addition to dental insurance, including Medicaid and CareCredit.\" \/>\n\t\t<meta property=\"og:type\" content=\"company\" \/>\n\t\t<meta property=\"og:title\" content=\"Silver Diamine Fluoride in Carson City | Carson Kids Dental\" \/>\n\t\t<meta property=\"og:description\" content=\"SDF, silver diamine fluoride, is used to stop tooth decay and treat tooth sensitivity. Learn how this treatment can help your child at our Carson City office today.\" \/>\n\t\t<meta property=\"og:url\" content=\"https:\/\/www.carsonkidsdental.com\/es\/services\/preventive-dental-care\/silver-diamine-fluoride\/\" \/>\n\t\t<meta property=\"og:image\" content=\"https:\/\/www.carsonkidsdental.com\/wp-content\/uploads\/2024\/05\/ThreeChildrenontheGrass.jpg\" \/>\n\t\t<meta property=\"og:image:secure_url\" content=\"https:\/\/www.carsonkidsdental.com\/wp-content\/uploads\/2024\/05\/ThreeChildrenontheGrass.jpg\" \/>\n\t\t<meta property=\"og:image:width\" content=\"600\" \/>\n\t\t<meta property=\"og:image:height\" content=\"600\" \/>\n\t\t<meta name=\"twitter:card\" content=\"summary_large_image\" \/>\n\t\t<meta name=\"twitter:title\" content=\"Silver Diamine Fluoride in Carson City | Carson Kids Dental\" \/>\n\t\t<meta name=\"twitter:description\" content=\"SDF, silver diamine fluoride, is used to stop tooth decay and treat tooth sensitivity. Learn how this treatment can help your child at our Carson City office today.\" \/>\n\t\t<meta name=\"twitter:image\" content=\"https:\/\/www.carsonkidsdental.com\/wp-content\/uploads\/2024\/07\/LPDG_DrTodd_CarsonKids_logo_2c_FNL-LOGO.png\" \/>\n\t\t<script type=\"application\/ld+json\" class=\"aioseo-schema\">\n\t\t\t{\"@context\":\"https:\\\/\\\/schema.org\",\"@graph\":[{\"@type\":\"BreadcrumbList\",\"@id\":\"https:\\\/\\\/www.carsonkidsdental.com\\\/es\\\/services\\\/preventive-dental-care\\\/silver-diamine-fluoride\\\/#breadcrumblist\",\"itemListElement\":[{\"@type\":\"ListItem\",\"@id\":\"https:\\\/\\\/www.carsonkidsdental.com\\\/es#listItem\",\"position\":1,\"name\":\"Home\",\"item\":\"https:\\\/\\\/www.carsonkidsdental.com\\\/es\",\"nextItem\":{\"@type\":\"ListItem\",\"@id\":\"https:\\\/\\\/www.carsonkidsdental.com\\\/es\\\/services\\\/#listItem\",\"name\":\"Services\"}},{\"@type\":\"ListItem\",\"@id\":\"https:\\\/\\\/www.carsonkidsdental.com\\\/es\\\/services\\\/#listItem\",\"position\":2,\"name\":\"Services\",\"item\":\"https:\\\/\\\/www.carsonkidsdental.com\\\/es\\\/services\\\/\",\"nextItem\":{\"@type\":\"ListItem\",\"@id\":\"https:\\\/\\\/www.carsonkidsdental.com\\\/es\\\/services\\\/preventive-dental-care\\\/#listItem\",\"name\":\"Preventive Dental Care\"},\"previousItem\":{\"@type\":\"ListItem\",\"@id\":\"https:\\\/\\\/www.carsonkidsdental.com\\\/es#listItem\",\"name\":\"Home\"}},{\"@type\":\"ListItem\",\"@id\":\"https:\\\/\\\/www.carsonkidsdental.com\\\/es\\\/services\\\/preventive-dental-care\\\/#listItem\",\"position\":3,\"name\":\"Preventive Dental Care\",\"item\":\"https:\\\/\\\/www.carsonkidsdental.com\\\/es\\\/services\\\/preventive-dental-care\\\/\",\"nextItem\":{\"@type\":\"ListItem\",\"@id\":\"https:\\\/\\\/www.carsonkidsdental.com\\\/es\\\/services\\\/preventive-dental-care\\\/silver-diamine-fluoride\\\/#listItem\",\"name\":\"Silver Diamine Fluoride\"},\"previousItem\":{\"@type\":\"ListItem\",\"@id\":\"https:\\\/\\\/www.carsonkidsdental.com\\\/es\\\/services\\\/#listItem\",\"name\":\"Services\"}},{\"@type\":\"ListItem\",\"@id\":\"https:\\\/\\\/www.carsonkidsdental.com\\\/es\\\/services\\\/preventive-dental-care\\\/silver-diamine-fluoride\\\/#listItem\",\"position\":4,\"name\":\"Silver Diamine Fluoride\",\"previousItem\":{\"@type\":\"ListItem\",\"@id\":\"https:\\\/\\\/www.carsonkidsdental.com\\\/es\\\/services\\\/preventive-dental-care\\\/#listItem\",\"name\":\"Preventive Dental Care\"}}]},{\"@type\":\"Organization\",\"@id\":\"https:\\\/\\\/www.carsonkidsdental.com\\\/es\\\/#organization\",\"name\":\"Carson Kids Dental\",\"description\":\"Our dental office is devoted to serving our community and ensuring everyone has affordable access to dental care. We have several payment options available in addition to dental insurance, including Medicaid and CareCredit.\",\"url\":\"https:\\\/\\\/www.carsonkidsdental.com\\\/es\\\/\",\"email\":\"info@carsonkidsdental.com\",\"telephone\":\"+17757907733\",\"logo\":{\"@type\":\"ImageObject\",\"url\":\"https:\\\/\\\/www.carsonkidsdental.com\\\/wp-content\\\/uploads\\\/2024\\\/07\\\/LPDG_DrTodd_CarsonKids_logo_2c_FNL-LOGO.png\",\"@id\":\"https:\\\/\\\/www.carsonkidsdental.com\\\/es\\\/services\\\/preventive-dental-care\\\/silver-diamine-fluoride\\\/#organizationLogo\",\"width\":300,\"height\":213},\"image\":{\"@id\":\"https:\\\/\\\/www.carsonkidsdental.com\\\/es\\\/services\\\/preventive-dental-care\\\/silver-diamine-fluoride\\\/#organizationLogo\"},\"sameAs\":[\"https:\\\/\\\/www.facebook.com\\\/CarsonKidsDental\",\"https:\\\/\\\/www.yelp.com\\\/biz\\\/carson-kids-dental-carson-city\"],\"address\":{\"@id\":\"https:\\\/\\\/www.carsonkidsdental.com\\\/es\\\/#postaladdress\",\"@type\":\"PostalAddress\",\"streetAddress\":\"1621 E. William Street, Ste G\",\"postalCode\":\"89701\",\"addressLocality\":\"Carson City\",\"addressRegion\":\"Nevada\",\"addressCountry\":\"US\"}},{\"@type\":\"WebPage\",\"@id\":\"https:\\\/\\\/www.carsonkidsdental.com\\\/es\\\/services\\\/preventive-dental-care\\\/silver-diamine-fluoride\\\/#webpage\",\"url\":\"https:\\\/\\\/www.carsonkidsdental.com\\\/es\\\/services\\\/preventive-dental-care\\\/silver-diamine-fluoride\\\/\",\"name\":\"Silver Diamine Fluoride in Carson City | Carson Kids Dental\",\"description\":\"SDF, silver diamine fluoride, is used to stop tooth decay and treat tooth sensitivity. Learn how this treatment can help your child at our Carson City office today.\",\"inLanguage\":\"es-MX\",\"isPartOf\":{\"@id\":\"https:\\\/\\\/www.carsonkidsdental.com\\\/es\\\/#website\"},\"breadcrumb\":{\"@id\":\"https:\\\/\\\/www.carsonkidsdental.com\\\/es\\\/services\\\/preventive-dental-care\\\/silver-diamine-fluoride\\\/#breadcrumblist\"},\"image\":{\"@type\":\"ImageObject\",\"url\":\"https:\\\/\\\/www.carsonkidsdental.com\\\/wp-content\\\/uploads\\\/2024\\\/05\\\/ThreeChildrenontheGrass.jpg\",\"@id\":\"https:\\\/\\\/www.carsonkidsdental.com\\\/es\\\/services\\\/preventive-dental-care\\\/silver-diamine-fluoride\\\/#mainImage\",\"width\":600,\"height\":600,\"caption\":\"Three Children Laughing in the Grass\"},\"primaryImageOfPage\":{\"@id\":\"https:\\\/\\\/www.carsonkidsdental.com\\\/es\\\/services\\\/preventive-dental-care\\\/silver-diamine-fluoride\\\/#mainImage\"},\"datePublished\":\"2024-04-15T11:58:06-06:00\",\"dateModified\":\"2024-05-10T15:07:29-06:00\"},{\"@type\":\"WebSite\",\"@id\":\"https:\\\/\\\/www.carsonkidsdental.com\\\/es\\\/#website\",\"url\":\"https:\\\/\\\/www.carsonkidsdental.com\\\/es\\\/\",\"name\":\"Carson Kids Dental\",\"description\":\"Our dental office is devoted to serving our community and ensuring everyone has affordable access to dental care. We have several payment options available in addition to dental insurance, including Medicaid and CareCredit.\",\"inLanguage\":\"es-MX\",\"publisher\":{\"@id\":\"https:\\\/\\\/www.carsonkidsdental.com\\\/es\\\/#organization\"}}]}\n\t\t<\/script>\n\t\t<!-- All in One SEO Pro -->\r\n\t\t<title>Silver Diamine Fluoride in Carson City | Carson Kids Dental<\/title>\n\n","aioseo_head_json":{"title":"Fluoruro de diamina de plata (SDF) en Carson City | Carson Kids Dental","description":"SDF, fluoruro de diamina de plata, se utiliza para detener la caries dental y tratar la sensibilidad dental. Descubre c\u00f3mo este tratamiento puede ayudar a tu hijo en nuestro consultorio de Carson City hoy.","canonical_url":"https:\/\/www.carsonkidsdental.com\/es\/services\/preventive-dental-care\/silver-diamine-fluoride\/","robots":"max-image-preview:large","keywords":"","webmasterTools":{"miscellaneous":""},"schema":{"@context":"https:\/\/schema.org","@graph":[{"@type":"BreadcrumbList","@id":"https:\/\/www.carsonkidsdental.com\/es\/services\/preventive-dental-care\/silver-diamine-fluoride\/#breadcrumblist","itemListElement":[{"@type":"ListItem","@id":"https:\/\/www.carsonkidsdental.com\/es#listItem","position":1,"name":"Home","item":"https:\/\/www.carsonkidsdental.com\/es","nextItem":{"@type":"ListItem","@id":"https:\/\/www.carsonkidsdental.com\/es\/services\/#listItem","name":"Services"}},{"@type":"ListItem","@id":"https:\/\/www.carsonkidsdental.com\/es\/services\/#listItem","position":2,"name":"Services","item":"https:\/\/www.carsonkidsdental.com\/es\/services\/","nextItem":{"@type":"ListItem","@id":"https:\/\/www.carsonkidsdental.com\/es\/services\/preventive-dental-care\/#listItem","name":"Preventive Dental Care"},"previousItem":{"@type":"ListItem","@id":"https:\/\/www.carsonkidsdental.com\/es#listItem","name":"Home"}},{"@type":"ListItem","@id":"https:\/\/www.carsonkidsdental.com\/es\/services\/preventive-dental-care\/#listItem","position":3,"name":"Preventive Dental Care","item":"https:\/\/www.carsonkidsdental.com\/es\/services\/preventive-dental-care\/","nextItem":{"@type":"ListItem","@id":"https:\/\/www.carsonkidsdental.com\/es\/services\/preventive-dental-care\/silver-diamine-fluoride\/#listItem","name":"Silver Diamine Fluoride"},"previousItem":{"@type":"ListItem","@id":"https:\/\/www.carsonkidsdental.com\/es\/services\/#listItem","name":"Services"}},{"@type":"ListItem","@id":"https:\/\/www.carsonkidsdental.com\/es\/services\/preventive-dental-care\/silver-diamine-fluoride\/#listItem","position":4,"name":"Silver Diamine Fluoride","previousItem":{"@type":"ListItem","@id":"https:\/\/www.carsonkidsdental.com\/es\/services\/preventive-dental-care\/#listItem","name":"Preventive Dental Care"}}]},{"@type":"Organization","@id":"https:\/\/www.carsonkidsdental.com\/es\/#organization","name":"Carson Kids Dental","description":"Our dental office is devoted to serving our community and ensuring everyone has affordable access to dental care. We have several payment options available in addition to dental insurance, including Medicaid and CareCredit.","url":"https:\/\/www.carsonkidsdental.com\/es\/","email":"info@carsonkidsdental.com","telephone":"+17757907733","logo":{"@type":"ImageObject","url":"https:\/\/www.carsonkidsdental.com\/wp-content\/uploads\/2024\/07\/LPDG_DrTodd_CarsonKids_logo_2c_FNL-LOGO.png","@id":"https:\/\/www.carsonkidsdental.com\/es\/services\/preventive-dental-care\/silver-diamine-fluoride\/#organizationLogo","width":300,"height":213},"image":{"@id":"https:\/\/www.carsonkidsdental.com\/es\/services\/preventive-dental-care\/silver-diamine-fluoride\/#organizationLogo"},"sameAs":["https:\/\/www.facebook.com\/CarsonKidsDental","https:\/\/www.yelp.com\/biz\/carson-kids-dental-carson-city"],"address":{"@id":"https:\/\/www.carsonkidsdental.com\/es\/#postaladdress","@type":"PostalAddress","streetAddress":"1621 E. William Street, Ste G","postalCode":"89701","addressLocality":"Carson City","addressRegion":"Nevada","addressCountry":"US"}},{"@type":"WebPage","@id":"https:\/\/www.carsonkidsdental.com\/es\/services\/preventive-dental-care\/silver-diamine-fluoride\/#webpage","url":"https:\/\/www.carsonkidsdental.com\/es\/services\/preventive-dental-care\/silver-diamine-fluoride\/","name":"Silver Diamine Fluoride in Carson City | Carson Kids Dental","description":"SDF, silver diamine fluoride, is used to stop tooth decay and treat tooth sensitivity. Learn how this treatment can help your child at our Carson City office today.","inLanguage":"es-MX","isPartOf":{"@id":"https:\/\/www.carsonkidsdental.com\/es\/#website"},"breadcrumb":{"@id":"https:\/\/www.carsonkidsdental.com\/es\/services\/preventive-dental-care\/silver-diamine-fluoride\/#breadcrumblist"},"image":{"@type":"ImageObject","url":"https:\/\/www.carsonkidsdental.com\/wp-content\/uploads\/2024\/05\/ThreeChildrenontheGrass.jpg","@id":"https:\/\/www.carsonkidsdental.com\/es\/services\/preventive-dental-care\/silver-diamine-fluoride\/#mainImage","width":600,"height":600,"caption":"Three Children Laughing in the Grass"},"primaryImageOfPage":{"@id":"https:\/\/www.carsonkidsdental.com\/es\/services\/preventive-dental-care\/silver-diamine-fluoride\/#mainImage"},"datePublished":"2024-04-15T11:58:06-06:00","dateModified":"2024-05-10T15:07:29-06:00"},{"@type":"WebSite","@id":"https:\/\/www.carsonkidsdental.com\/es\/#website","url":"https:\/\/www.carsonkidsdental.com\/es\/","name":"Carson Kids Dental","description":"Our dental office is devoted to serving our community and ensuring everyone has affordable access to dental care. We have several payment options available in addition to dental insurance, including Medicaid and CareCredit.","inLanguage":"es-MX","publisher":{"@id":"https:\/\/www.carsonkidsdental.com\/es\/#organization"}}]},"og:locale":"es_MX","og:site_name":"Carson Kids Dental | Our dental office is devoted to serving our community and ensuring everyone has affordable access to dental care. We have several payment options available in addition to dental insurance, including Medicaid and CareCredit.","og:type":"company","og:title":"Silver Diamine Fluoride in Carson City | Carson Kids Dental","og:description":"SDF, silver diamine fluoride, is used to stop tooth decay and treat tooth sensitivity. Learn how this treatment can help your child at our Carson City office today.","og:url":"https:\/\/www.carsonkidsdental.com\/es\/services\/preventive-dental-care\/silver-diamine-fluoride\/","og:image":"https:\/\/www.carsonkidsdental.com\/wp-content\/uploads\/2024\/05\/ThreeChildrenontheGrass.jpg","og:image:secure_url":"https:\/\/www.carsonkidsdental.com\/wp-content\/uploads\/2024\/05\/ThreeChildrenontheGrass.jpg","og:image:width":600,"og:image:height":600,"twitter:card":"summary_large_image","twitter:title":"Silver Diamine Fluoride in Carson City | Carson Kids Dental","twitter:description":"SDF, silver diamine fluoride, is used to stop tooth decay and treat tooth sensitivity. Learn how this treatment can help your child at our Carson City office today.","twitter:image":"https:\/\/www.carsonkidsdental.com\/wp-content\/uploads\/2024\/07\/LPDG_DrTodd_CarsonKids_logo_2c_FNL-LOGO.png"},"aioseo_meta_data":{"post_id":"3470","title":null,"description":null,"keywords":[],"keyphrases":{"focus":{"keyphrase":"","score":0,"analysis":{"keyphraseInTitle":{"score":0,"maxScore":9,"error":1}}},"additional":[]},"primary_term":null,"canonical_url":null,"og_title":null,"og_description":null,"og_object_type":"default","og_image_type":"default","og_image_url":null,"og_image_width":null,"og_image_height":null,"og_image_custom_url":null,"og_image_custom_fields":null,"og_video":"","og_custom_url":null,"og_article_section":null,"og_article_tags":[],"twitter_use_og":false,"twitter_card":"default","twitter_image_type":"default","twitter_image_url":null,"twitter_image_custom_url":null,"twitter_image_custom_fields":null,"twitter_title":null,"twitter_description":null,"schema":{"blockGraphs":[],"customGraphs":[],"default":{"data":{"Article":[],"Course":[],"Dataset":[],"FAQPage":[],"Movie":[],"Person":[],"Product":[],"ProductReview":[],"Car":[],"Recipe":[],"Service":[],"SoftwareApplication":[],"WebPage":[]},"graphName":"WebPage","isEnabled":true},"graphs":[]},"schema_type":"default","schema_type_options":null,"pillar_content":false,"robots_default":true,"robots_noindex":false,"robots_noarchive":false,"robots_nosnippet":false,"robots_nofollow":false,"robots_noimageindex":false,"robots_noodp":false,"robots_notranslate":false,"robots_max_snippet":"-1","robots_max_videopreview":"-1","robots_max_imagepreview":"large","priority":null,"frequency":"default","local_seo":null,"seo_analyzer_scan_date":"2025-08-15 11:32:31","limit_modified_date":false,"open_ai":"{\"title\":{\"suggestions\":[],\"usage\":0},\"description\":{\"suggestions\":[],\"usage\":0}}","ai":null,"created":"2024-04-15 17:58:06","updated":"2025-10-21 18:49:59"},"aioseo_breadcrumb":"<div class=\"aioseo-breadcrumbs\"><span class=\"aioseo-breadcrumb\">\n\t<a href=\"https:\/\/www.carsonkidsdental.com\/es\" title=\"Home\">Home<\/a>\n<\/span><span class=\"aioseo-breadcrumb-separator\">&raquo;<\/span><span class=\"aioseo-breadcrumb\">\n\t<a href=\"https:\/\/www.carsonkidsdental.com\/es\/services\/\" title=\"Services\">Services<\/a>\n<\/span><span class=\"aioseo-breadcrumb-separator\">&raquo;<\/span><span class=\"aioseo-breadcrumb\">\n\t<a href=\"https:\/\/www.carsonkidsdental.com\/es\/services\/preventive-dental-care\/\" title=\"Preventive Dental Care\">Preventive Dental Care<\/a>\n<\/span><span class=\"aioseo-breadcrumb-separator\">&raquo;<\/span><span class=\"aioseo-breadcrumb\">\n\tSilver Diamine Fluoride\n<\/span><\/div>","aioseo_breadcrumb_json":[{"label":"Home","link":"https:\/\/www.carsonkidsdental.com\/es"},{"label":"Services","link":"https:\/\/www.carsonkidsdental.com\/es\/services\/"},{"label":"Preventive Dental Care","link":"https:\/\/www.carsonkidsdental.com\/es\/services\/preventive-dental-care\/"},{"label":"Silver Diamine Fluoride","link":"https:\/\/www.carsonkidsdental.com\/es\/services\/preventive-dental-care\/silver-diamine-fluoride\/"}],"_links":{"self":[{"href":"https:\/\/www.carsonkidsdental.com\/es\/wp-json\/wp\/v2\/pages\/3470","targetHints":{"allow":["GET"]}}],"collection":[{"href":"https:\/\/www.carsonkidsdental.com\/es\/wp-json\/wp\/v2\/pages"}],"about":[{"href":"https:\/\/www.carsonkidsdental.com\/es\/wp-json\/wp\/v2\/types\/page"}],"author":[{"embeddable":true,"href":"https:\/\/www.carsonkidsdental.com\/es\/wp-json\/wp\/v2\/users\/2"}],"replies":[{"embeddable":true,"href":"https:\/\/www.carsonkidsdental.com\/es\/wp-json\/wp\/v2\/comments?post=3470"}],"version-history":[{"count":0,"href":"https:\/\/www.carsonkidsdental.com\/es\/wp-json\/wp\/v2\/pages\/3470\/revisions"}],"up":[{"embeddable":true,"href":"https:\/\/www.carsonkidsdental.com\/es\/wp-json\/wp\/v2\/pages\/3407"}],"wp:featuredmedia":[{"embeddable":true,"href":"https:\/\/www.carsonkidsdental.com\/es\/wp-json\/wp\/v2\/media\/3544"}],"wp:attachment":[{"href":"https:\/\/www.carsonkidsdental.com\/es\/wp-json\/wp\/v2\/media?parent=3470"}],"curies":[{"name":"wp","href":"https:\/\/api.w.org\/{rel}","templated":true}]}}